{"id":27738,"date":"2021-12-23T15:34:02","date_gmt":"2021-12-23T12:34:02","guid":{"rendered":"https:\/\/burmakarms.com\/?page_id=27738"},"modified":"2021-12-23T15:34:03","modified_gmt":"2021-12-23T12:34:03","slug":"tek-kirma-tufekler","status":"publish","type":"page","link":"https:\/\/burmakarms.com\/tr\/tek-kirma-tufekler\/","title":{"rendered":"Tek K\u0131rma T\u00fcfekler"},"content":{"rendered":"<section class=\"l-section wpb_row us_custom_fdcab3db height_large\"><div class=\"l-section-overlay\" style=\"background:#e8e8e8\"><\/div><div class=\"l-section-h i-cf\"><div class=\"g-cols vc_row via_flex valign_top type_default stacking_default\"><div class=\"vc_col-sm-12 wpb_column vc_column_container\"><div class=\"vc_column-inner\"><div class=\"wpb_wrapper\"><div class=\"w-separator size_small\"><\/div><div class=\"g-cols wpb_row via_flex valign_top type_default stacking_default\"><div class=\"vc_col-sm-6 wpb_column vc_column_container\"><div class=\"vc_column-inner\"><div class=\"wpb_wrapper\"><div class=\"wpb_text_column\"><div class=\"wpb_wrapper\"><h3 style=\"text-align: left;\">Single Barrel Rifles<\/h3>\n<\/div><\/div><\/div><\/div><\/div><div class=\"vc_col-sm-6 wpb_column vc_column_container\"><div class=\"vc_column-inner\"><div class=\"wpb_wrapper\"><div class=\"wpb_text_column\"><div class=\"wpb_wrapper\"><p style=\"text-align: right;\"><a href=\"https:\/\/burmakarms.com\/tr\/\">Anasayfa<\/a> \/ <a href=\"https:\/\/burmakarms.com\/tr\/urunler\/\">\u00dcr\u00fcnler<\/a><\/p>\n<\/div><\/div><\/div><\/div><\/div><\/div><div class=\"w-separator size_small\"><\/div><\/div><\/div><\/div><\/div><\/div><\/section><section class=\"l-section wpb_row us_custom_5cd26a65 height_auto width_full\"><div class=\"l-section-h i-cf\"><div class=\"g-cols vc_row via_flex valign_top type_default stacking_default\"><div class=\"vc_col-sm-12 wpb_column vc_column_container\"><div class=\"vc_column-inner\"><div class=\"wpb_wrapper\"><div class=\"w-grid us_custom_a2c0f4c0 type_grid layout_22910 cols_4 with_css_animation ratio_4x3\" id=\"us_grid_1\" style=\"--gap:2px;\" data-filterable=\"true\"><style>@media (max-width:1280px){#us_grid_1 .w-grid-item{width:33.3333%}#us_grid_1 .w-grid-item.size_2x1,#us_grid_1 .w-grid-item.size_2x2{width:66.6667%}}@media (max-width:1024px){#us_grid_1 .w-grid-item{width:50%}#us_grid_1 .w-grid-item.size_2x1,#us_grid_1 .w-grid-item.size_2x2{width:100%}}@media (max-width:600px){#us_grid_1 .w-grid-list{margin:0}#us_grid_1 .w-grid-item{width:100%;padding:0;margin-bottom:var(--gap,0px)}}.layout_22910 .w-grid-item-h:before{padding-bottom:75%}@media (min-width:601px){.layout_22910 .w-grid-item.size_1x2 .w-grid-item-h:before{padding-bottom:calc(150% + var(--gap,0px) * 2)}.layout_22910 .w-grid-item.size_2x1 .w-grid-item-h:before{padding-bottom:calc(37.5% - var(--gap,0px) * 0.75)}.layout_22910 .w-grid-item.size_2x2 .w-grid-item-h:before{padding-bottom:calc(75% - var(--gap,0px) * -0.5)}}.layout_22910 .w-grid-item-h{}.layout_22910 .usg_post_image_1{transition-duration:0.3s;transform:scale(1) translate(0%,0%)}.layout_22910 .w-grid-item-h:hover .usg_post_image_1{transform:scale(1) translate(0%,0%);opacity:0.15}.layout_22910 .usg_vwrapper_1{transition-duration:0.3s;transform:scale(1) translate(0%,0%)}.layout_22910 .w-grid-item-h:hover .usg_vwrapper_1{transform:scale(1) translate(0%,0%);opacity:0}.layout_22910 .usg_vwrapper_2{transition-duration:0.3s;transform:scale(1) translate(0%,0%)}.layout_22910 .w-grid-item-h:hover .usg_vwrapper_2{transform:scale(1) translate(0%,-20%);opacity:1;color:inherit!important}.layout_22910 .usg_post_image_1{position:absolute!important;top:0!important;right:0!important;bottom:0!important;left:0!important}.layout_22910 .usg_vwrapper_1{position:absolute!important;top:50%!important;right:0!important;bottom:-1px!important;left:0!important;background:linear-gradient(180deg,rgba(0,0,0,0),rgba(30,30,30,0.8))!important}.layout_22910 .usg_vwrapper_2{position:absolute!important;right:0!important;bottom:0!important;left:0!important;padding-right:2rem!important;padding-bottom:1.5rem!important;padding-left:2rem!important;color:#fff!important}.layout_22910 .usg_post_title_1{font-family:var(--h1-font-family)!important;font-size:1.4rem!important;color:inherit!important}<\/style><div class=\"w-grid-list\">\t<article class=\"w-grid-item us_animate_afb size_1x1 post-28082 us_portfolio type-us_portfolio status-publish has-post-thumbnail hentry us_portfolio_category-tek-kirma\" data-id=\"28082\" style=\"animation-delay:0s\">\r\n\t\t<div class=\"w-grid-item-h\" style=\"background:#333333;color:#ffffff;\">\r\n\t\t\t\t\t\t\t<a href=\"https:\/\/burmakarms.com\/tr\/products\/sb-001-tek-kirma-tufek\/\" class=\"w-grid-item-anchor\" aria-label=\"SB-001 Tek K\u0131rma T\u00fcfek\"><\/a>\r\n\t\t\t\t\t\t<div class=\"w-post-elm post_image usg_post_image_1 stretched\"><img loading=\"lazy\" decoding=\"async\" width=\"972\" height=\"650\" src=\"https:\/\/burmakarms.com\/wp-content\/uploads\/2021\/08\/sb-001-single-barrel-rifle-essa-arms.jpg\" class=\"attachment-large size-large wp-post-image\" alt=\"SB-001 Single Barrel  | ESSA Arms Strom\" srcset=\"https:\/\/burmakarms.com\/wp-content\/uploads\/2021\/08\/sb-001-single-barrel-rifle-essa-arms.jpg 972w, https:\/\/burmakarms.com\/wp-content\/uploads\/2021\/08\/sb-001-single-barrel-rifle-essa-arms-300x201.jpg 300w\" sizes=\"auto, (max-width: 972px) 100vw, 972px\" \/><\/div><div class=\"w-vwrapper usg_vwrapper_1 align_left valign_top\"><\/div><div class=\"w-vwrapper usg_vwrapper_2 has_text_color align_left valign_top\"><h2 class=\"w-post-elm post_title usg_post_title_1 has_text_color entry-title color_link_inherit\">SB-001 Tek K\u0131rma T\u00fcfek<\/h2><\/div>\t\t<\/div>\r\n\t\t\t<\/article>\r\n\t<article class=\"w-grid-item us_animate_afb size_1x1 post-28086 us_portfolio type-us_portfolio status-publish has-post-thumbnail hentry us_portfolio_category-tek-kirma\" data-id=\"28086\" style=\"animation-delay:0.1s\">\r\n\t\t<div class=\"w-grid-item-h\" style=\"background:#333333;color:#ffffff;\">\r\n\t\t\t\t\t\t\t<a href=\"https:\/\/burmakarms.com\/tr\/products\/sb-002-tek-kirma-tufek\/\" class=\"w-grid-item-anchor\" aria-label=\"SB-002 Tek K\u0131rma T\u00fcfek\"><\/a>\r\n\t\t\t\t\t\t<div class=\"w-post-elm post_image usg_post_image_1 stretched\"><img loading=\"lazy\" decoding=\"async\" width=\"972\" height=\"650\" src=\"https:\/\/burmakarms.com\/wp-content\/uploads\/2021\/08\/sb-002-single-barrel-rifle-essa-arms.jpg\" class=\"attachment-large size-large wp-post-image\" alt=\"SB-002 Single Barrel  | ESSA Arms Strom\" srcset=\"https:\/\/burmakarms.com\/wp-content\/uploads\/2021\/08\/sb-002-single-barrel-rifle-essa-arms.jpg 972w, https:\/\/burmakarms.com\/wp-content\/uploads\/2021\/08\/sb-002-single-barrel-rifle-essa-arms-300x201.jpg 300w\" sizes=\"auto, (max-width: 972px) 100vw, 972px\" \/><\/div><div class=\"w-vwrapper usg_vwrapper_1 align_left valign_top\"><\/div><div class=\"w-vwrapper usg_vwrapper_2 has_text_color align_left valign_top\"><h2 class=\"w-post-elm post_title usg_post_title_1 has_text_color entry-title color_link_inherit\">SB-002 Tek K\u0131rma T\u00fcfek<\/h2><\/div>\t\t<\/div>\r\n\t\t\t<\/article>\r\n\t<article class=\"w-grid-item us_animate_afb size_1x1 post-28089 us_portfolio type-us_portfolio status-publish has-post-thumbnail hentry us_portfolio_category-tek-kirma\" data-id=\"28089\" style=\"animation-delay:0.2s\">\r\n\t\t<div class=\"w-grid-item-h\" style=\"background:#333333;color:#ffffff;\">\r\n\t\t\t\t\t\t\t<a href=\"https:\/\/burmakarms.com\/tr\/products\/sb-003-tek-kirma-tufek\/\" class=\"w-grid-item-anchor\" aria-label=\"SB-003 Tek K\u0131rma T\u00fcfek\"><\/a>\r\n\t\t\t\t\t\t<div class=\"w-post-elm post_image usg_post_image_1 stretched\"><img loading=\"lazy\" decoding=\"async\" width=\"972\" height=\"650\" src=\"https:\/\/burmakarms.com\/wp-content\/uploads\/2021\/08\/sb-003-single-barrel-rifle-essa-arms.jpg\" class=\"attachment-large size-large wp-post-image\" alt=\"SB-003 Single Barrel  | ESSA Arms Strom\" srcset=\"https:\/\/burmakarms.com\/wp-content\/uploads\/2021\/08\/sb-003-single-barrel-rifle-essa-arms.jpg 972w, https:\/\/burmakarms.com\/wp-content\/uploads\/2021\/08\/sb-003-single-barrel-rifle-essa-arms-300x201.jpg 300w\" sizes=\"auto, (max-width: 972px) 100vw, 972px\" \/><\/div><div class=\"w-vwrapper usg_vwrapper_1 align_left valign_top\"><\/div><div class=\"w-vwrapper usg_vwrapper_2 has_text_color align_left valign_top\"><h2 class=\"w-post-elm post_title usg_post_title_1 has_text_color entry-title color_link_inherit\">SB-003 Tek K\u0131rma T\u00fcfek<\/h2><\/div>\t\t<\/div>\r\n\t\t\t<\/article>\r\n\t<article class=\"w-grid-item us_animate_afb size_1x1 post-28092 us_portfolio type-us_portfolio status-publish has-post-thumbnail hentry us_portfolio_category-tek-kirma\" data-id=\"28092\" style=\"animation-delay:0.3s\">\r\n\t\t<div class=\"w-grid-item-h\" style=\"background:#333333;color:#ffffff;\">\r\n\t\t\t\t\t\t\t<a href=\"https:\/\/burmakarms.com\/tr\/products\/sb-004-tek-kirma-tufek\/\" class=\"w-grid-item-anchor\" aria-label=\"SB-004 Tek K\u0131rma T\u00fcfek\"><\/a>\r\n\t\t\t\t\t\t<div class=\"w-post-elm post_image usg_post_image_1 stretched\"><img loading=\"lazy\" decoding=\"async\" width=\"972\" height=\"650\" src=\"https:\/\/burmakarms.com\/wp-content\/uploads\/2021\/08\/sb-004-single-barrel-rifle-essa-arms.jpg\" class=\"attachment-large size-large wp-post-image\" alt=\"SB-004 Single Barrel  | ESSA Arms Strom\" srcset=\"https:\/\/burmakarms.com\/wp-content\/uploads\/2021\/08\/sb-004-single-barrel-rifle-essa-arms.jpg 972w, https:\/\/burmakarms.com\/wp-content\/uploads\/2021\/08\/sb-004-single-barrel-rifle-essa-arms-300x201.jpg 300w\" sizes=\"auto, (max-width: 972px) 100vw, 972px\" \/><\/div><div class=\"w-vwrapper usg_vwrapper_1 align_left valign_top\"><\/div><div class=\"w-vwrapper usg_vwrapper_2 has_text_color align_left valign_top\"><h2 class=\"w-post-elm post_title usg_post_title_1 has_text_color entry-title color_link_inherit\">SB-004 Tek K\u0131rma T\u00fcfek<\/h2><\/div>\t\t<\/div>\r\n\t\t\t<\/article>\r\n\t<article class=\"w-grid-item us_animate_afb size_1x1 post-28096 us_portfolio type-us_portfolio status-publish has-post-thumbnail hentry us_portfolio_category-tek-kirma\" data-id=\"28096\" style=\"animation-delay:0.4s\">\r\n\t\t<div class=\"w-grid-item-h\" style=\"background:#333333;color:#ffffff;\">\r\n\t\t\t\t\t\t\t<a href=\"https:\/\/burmakarms.com\/tr\/products\/sb-005-tek-kirma-tufek\/\" class=\"w-grid-item-anchor\" aria-label=\"SB-005 Tek K\u0131rma T\u00fcfek\"><\/a>\r\n\t\t\t\t\t\t<div class=\"w-post-elm post_image usg_post_image_1 stretched\"><img loading=\"lazy\" decoding=\"async\" width=\"972\" height=\"650\" src=\"https:\/\/burmakarms.com\/wp-content\/uploads\/2021\/08\/sb-005-single-barrel-rifle-essa-arms.jpg\" class=\"attachment-large size-large wp-post-image\" alt=\"SB-005 Single Barrel  | ESSA Arms Strom\" srcset=\"https:\/\/burmakarms.com\/wp-content\/uploads\/2021\/08\/sb-005-single-barrel-rifle-essa-arms.jpg 972w, https:\/\/burmakarms.com\/wp-content\/uploads\/2021\/08\/sb-005-single-barrel-rifle-essa-arms-300x201.jpg 300w\" sizes=\"auto, (max-width: 972px) 100vw, 972px\" \/><\/div><div class=\"w-vwrapper usg_vwrapper_1 align_left valign_top\"><\/div><div class=\"w-vwrapper usg_vwrapper_2 has_text_color align_left valign_top\"><h2 class=\"w-post-elm post_title usg_post_title_1 has_text_color entry-title color_link_inherit\">SB-005 Tek K\u0131rma T\u00fcfek<\/h2><\/div>\t\t<\/div>\r\n\t\t\t<\/article>\r\n\t<article class=\"w-grid-item us_animate_afb size_1x1 post-28099 us_portfolio type-us_portfolio status-publish has-post-thumbnail hentry us_portfolio_category-tek-kirma\" data-id=\"28099\" style=\"animation-delay:0.5s\">\r\n\t\t<div class=\"w-grid-item-h\" style=\"background:#333333;color:#ffffff;\">\r\n\t\t\t\t\t\t\t<a href=\"https:\/\/burmakarms.com\/tr\/products\/sb-006-tek-kirma-tufek\/\" class=\"w-grid-item-anchor\" aria-label=\"SB-006 Tek K\u0131rma T\u00fcfek\"><\/a>\r\n\t\t\t\t\t\t<div class=\"w-post-elm post_image usg_post_image_1 stretched\"><img loading=\"lazy\" decoding=\"async\" width=\"972\" height=\"650\" src=\"https:\/\/burmakarms.com\/wp-content\/uploads\/2021\/08\/sb-006-single-barrel-rifle-essa-arms.jpg\" class=\"attachment-large size-large wp-post-image\" alt=\"SB-006 Single Barrel  | ESSA Arms Strom\" srcset=\"https:\/\/burmakarms.com\/wp-content\/uploads\/2021\/08\/sb-006-single-barrel-rifle-essa-arms.jpg 972w, https:\/\/burmakarms.com\/wp-content\/uploads\/2021\/08\/sb-006-single-barrel-rifle-essa-arms-300x201.jpg 300w\" sizes=\"auto, (max-width: 972px) 100vw, 972px\" \/><\/div><div class=\"w-vwrapper usg_vwrapper_1 align_left valign_top\"><\/div><div class=\"w-vwrapper usg_vwrapper_2 has_text_color align_left valign_top\"><h2 class=\"w-post-elm post_title usg_post_title_1 has_text_color entry-title color_link_inherit\">SB-006 Tek K\u0131rma T\u00fcfek<\/h2><\/div>\t\t<\/div>\r\n\t\t\t<\/article>\r\n\t<article class=\"w-grid-item us_animate_afb size_1x1 post-28102 us_portfolio type-us_portfolio status-publish has-post-thumbnail hentry us_portfolio_category-tek-kirma\" data-id=\"28102\" style=\"animation-delay:0.6s\">\r\n\t\t<div class=\"w-grid-item-h\" style=\"background:#333333;color:#ffffff;\">\r\n\t\t\t\t\t\t\t<a href=\"https:\/\/burmakarms.com\/tr\/products\/sb-007-tek-kirma-tufek\/\" class=\"w-grid-item-anchor\" aria-label=\"SB-007 Tek K\u0131rma T\u00fcfek\"><\/a>\r\n\t\t\t\t\t\t<div class=\"w-post-elm post_image usg_post_image_1 stretched\"><img loading=\"lazy\" decoding=\"async\" width=\"972\" height=\"650\" src=\"https:\/\/burmakarms.com\/wp-content\/uploads\/2021\/08\/sb-007-single-barrel-rifle-essa-arms.jpg\" class=\"attachment-large size-large wp-post-image\" alt=\"SB-007 Single Barrel | ESSA Arms Strom\" srcset=\"https:\/\/burmakarms.com\/wp-content\/uploads\/2021\/08\/sb-007-single-barrel-rifle-essa-arms.jpg 972w, https:\/\/burmakarms.com\/wp-content\/uploads\/2021\/08\/sb-007-single-barrel-rifle-essa-arms-300x201.jpg 300w\" sizes=\"auto, (max-width: 972px) 100vw, 972px\" \/><\/div><div class=\"w-vwrapper usg_vwrapper_1 align_left valign_top\"><\/div><div class=\"w-vwrapper usg_vwrapper_2 has_text_color align_left valign_top\"><h2 class=\"w-post-elm post_title usg_post_title_1 has_text_color entry-title color_link_inherit\">SB-007 Tek K\u0131rma T\u00fcfek<\/h2><\/div>\t\t<\/div>\r\n\t\t\t<\/article>\r\n\t<article class=\"w-grid-item us_animate_afb size_1x1 post-28105 us_portfolio type-us_portfolio status-publish has-post-thumbnail hentry us_portfolio_category-tek-kirma\" data-id=\"28105\" style=\"animation-delay:0.7s\">\r\n\t\t<div class=\"w-grid-item-h\" style=\"background:#333333;color:#ffffff;\">\r\n\t\t\t\t\t\t\t<a href=\"https:\/\/burmakarms.com\/tr\/products\/sb-008-tek-kirma-tufek\/\" class=\"w-grid-item-anchor\" aria-label=\"SB-008 Tek K\u0131rma T\u00fcfek\"><\/a>\r\n\t\t\t\t\t\t<div class=\"w-post-elm post_image usg_post_image_1 stretched\"><img loading=\"lazy\" decoding=\"async\" width=\"972\" height=\"650\" src=\"https:\/\/burmakarms.com\/wp-content\/uploads\/2021\/08\/sb-008-single-barrel-rifle-essa-arms.jpg\" class=\"attachment-large size-large wp-post-image\" alt=\"SB-008 Single Barrel  | ESSA Arms Strom\" srcset=\"https:\/\/burmakarms.com\/wp-content\/uploads\/2021\/08\/sb-008-single-barrel-rifle-essa-arms.jpg 972w, https:\/\/burmakarms.com\/wp-content\/uploads\/2021\/08\/sb-008-single-barrel-rifle-essa-arms-300x201.jpg 300w\" sizes=\"auto, (max-width: 972px) 100vw, 972px\" \/><\/div><div class=\"w-vwrapper usg_vwrapper_1 align_left valign_top\"><\/div><div class=\"w-vwrapper usg_vwrapper_2 has_text_color align_left valign_top\"><h2 class=\"w-post-elm post_title usg_post_title_1 has_text_color entry-title color_link_inherit\">SB-008 Tek K\u0131rma T\u00fcfek<\/h2><\/div>\t\t<\/div>\r\n\t\t\t<\/article>\r\n<\/div><div class=\"w-grid-preloader\">\t<div class=\"g-preloader type_1\">\r\n\t\t<div><\/div>\r\n\t<\/div>\r\n\t<\/div>\t<div class=\"w-grid-json hidden\" onclick='return {&quot;action&quot;:&quot;us_ajax_grid&quot;,&quot;infinite_scroll&quot;:0,&quot;max_num_pages&quot;:1,&quot;pagination&quot;:&quot;none&quot;,&quot;template_vars&quot;:{&quot;columns&quot;:&quot;4&quot;,&quot;exclude_items&quot;:&quot;none&quot;,&quot;img_size&quot;:&quot;large&quot;,&quot;ignore_items_size&quot;:0,&quot;items_layout&quot;:&quot;22910&quot;,&quot;items_offset&quot;:&quot;1&quot;,&quot;load_animation&quot;:&quot;afb&quot;,&quot;overriding_link&quot;:&quot;%7B%22type%22%3A%22post%22%7D&quot;,&quot;post_id&quot;:0,&quot;query_args&quot;:{&quot;post_type&quot;:[&quot;us_portfolio&quot;],&quot;tax_query&quot;:[{&quot;taxonomy&quot;:&quot;us_portfolio_category&quot;,&quot;field&quot;:&quot;slug&quot;,&quot;terms&quot;:[&quot;single-barrel&quot;]}],&quot;post_status&quot;:[&quot;publish&quot;],&quot;posts_per_page&quot;:&quot;100&quot;},&quot;orderby_query_args&quot;:{&quot;orderby&quot;:{&quot;date&quot;:&quot;ASC&quot;}},&quot;type&quot;:&quot;grid&quot;,&quot;us_grid_post_type&quot;:&quot;us_portfolio&quot;,&quot;us_grid_ajax_index&quot;:1,&quot;us_grid_filter_params&quot;:[],&quot;us_grid_index&quot;:1,&quot;page_args&quot;:[],&quot;lang&quot;:&quot;tr&quot;}}'><\/div>\r\n\t<\/div><\/div><\/div><\/div><\/div><\/div><\/section>\n","protected":false},"excerpt":{"rendered":"Tek K\u0131rma T\u00fcfek Anasayfa \/ \u00dcr\u00fcnler \/ Tek K\u0131rma T\u00fcfekler SB-008 Tek K\u0131rma T\u00fcfek Kalibre: 12, 16, 20, 28, .410 Kal. Sistem: Extractor \u00c7ap: 3&#8243; \/ 76mm Dip\u00e7ik: Ceviz Namlu: 4140 Tam \u00c7elik \u015eok: Mobil \u015eok \/ Slag \u015earj\u00f6r Kapasitesi: 1 Namlu Uzunlu\u011fu: 32, 47, 51, 55, 61, 65, 71, 76, 81 Cm G\u00f6vde: \u00c7elik...","protected":false},"author":1,"featured_media":0,"parent":0,"menu_order":0,"comment_status":"closed","ping_status":"closed","template":"","meta":{"footnotes":""},"class_list":["post-27738","page","type-page","status-publish","hentry"],"yoast_head":"<!-- This site is optimized with the Yoast SEO plugin v22.6 - https:\/\/yoast.com\/wordpress\/plugins\/seo\/ -->\n<title>Tek K\u0131rma T\u00fcfekler - ESSAarms.com<\/title>\n<meta name=\"robots\" content=\"index, follow, max-snippet:-1, max-image-preview:large, max-video-preview:-1\" \/>\n<link rel=\"canonical\" href=\"https:\/\/burmakarms.com\/tr\/tek-kirma-tufekler\/\" \/>\n<meta property=\"og:locale\" content=\"tr_TR\" \/>\n<meta property=\"og:type\" content=\"article\" \/>\n<meta property=\"og:title\" content=\"Tek K\u0131rma T\u00fcfekler - ESSAarms.com\" \/>\n<meta property=\"og:url\" content=\"https:\/\/burmakarms.com\/tr\/tek-kirma-tufekler\/\" \/>\n<meta property=\"og:site_name\" content=\"BURMAK ARMS\" \/>\n<meta property=\"article:publisher\" content=\"https:\/\/www.facebook.com\/essadefence\" \/>\n<meta property=\"article:modified_time\" content=\"2021-12-23T12:34:03+00:00\" \/>\n<meta property=\"og:image\" content=\"https:\/\/burmakarms.com\/wp-content\/uploads\/2021\/09\/essa-arms-fb-logo.png\" \/>\n\t<meta property=\"og:image:width\" content=\"1026\" \/>\n\t<meta property=\"og:image:height\" content=\"200\" \/>\n\t<meta property=\"og:image:type\" content=\"image\/png\" \/>\n<meta name=\"twitter:card\" content=\"summary_large_image\" \/>\n<meta name=\"twitter:site\" content=\"@essadefence\" \/>\n<meta name=\"twitter:label1\" content=\"Tahmini okuma s\u00fcresi\" \/>\n\t<meta name=\"twitter:data1\" content=\"1 dakika\" \/>\n<script type=\"application\/ld+json\" class=\"yoast-schema-graph\">{\"@context\":\"https:\/\/schema.org\",\"@graph\":[{\"@type\":\"WebPage\",\"@id\":\"https:\/\/burmakarms.com\/tr\/tek-kirma-tufekler\/\",\"url\":\"https:\/\/burmakarms.com\/tr\/tek-kirma-tufekler\/\",\"name\":\"Tek K\u0131rma T\u00fcfekler - ESSAarms.com\",\"isPartOf\":{\"@id\":\"https:\/\/burmakarms.com\/tr\/#website\"},\"datePublished\":\"2021-12-23T12:34:02+00:00\",\"dateModified\":\"2021-12-23T12:34:03+00:00\",\"breadcrumb\":{\"@id\":\"https:\/\/burmakarms.com\/tr\/tek-kirma-tufekler\/#breadcrumb\"},\"inLanguage\":\"tr\",\"potentialAction\":[{\"@type\":\"ReadAction\",\"target\":[\"https:\/\/burmakarms.com\/tr\/tek-kirma-tufekler\/\"]}]},{\"@type\":\"BreadcrumbList\",\"@id\":\"https:\/\/burmakarms.com\/tr\/tek-kirma-tufekler\/#breadcrumb\",\"itemListElement\":[{\"@type\":\"ListItem\",\"position\":1,\"name\":\"Anasayfa\",\"item\":\"https:\/\/burmakarms.com\/tr\/\"},{\"@type\":\"ListItem\",\"position\":2,\"name\":\"Tek K\u0131rma T\u00fcfekler\"}]},{\"@type\":\"WebSite\",\"@id\":\"https:\/\/burmakarms.com\/tr\/#website\",\"url\":\"https:\/\/burmakarms.com\/tr\/\",\"name\":\"BURMAK ARMS\",\"description\":\"Shotguns - Rifles - Gunstock\",\"publisher\":{\"@id\":\"https:\/\/burmakarms.com\/tr\/#organization\"},\"potentialAction\":[{\"@type\":\"SearchAction\",\"target\":{\"@type\":\"EntryPoint\",\"urlTemplate\":\"https:\/\/burmakarms.com\/tr\/?s={search_term_string}\"},\"query-input\":\"required name=search_term_string\"}],\"inLanguage\":\"tr\"},{\"@type\":\"Organization\",\"@id\":\"https:\/\/burmakarms.com\/tr\/#organization\",\"name\":\"ESSA ARMS\",\"url\":\"https:\/\/burmakarms.com\/tr\/\",\"logo\":{\"@type\":\"ImageObject\",\"inLanguage\":\"tr\",\"@id\":\"https:\/\/burmakarms.com\/tr\/#\/schema\/logo\/image\/\",\"url\":\"https:\/\/burmakarms.com\/wp-content\/uploads\/2021\/09\/essa-arms-blogo.png\",\"contentUrl\":\"https:\/\/burmakarms.com\/wp-content\/uploads\/2021\/09\/essa-arms-blogo.png\",\"width\":954,\"height\":186,\"caption\":\"ESSA ARMS\"},\"image\":{\"@id\":\"https:\/\/burmakarms.com\/tr\/#\/schema\/logo\/image\/\"},\"sameAs\":[\"https:\/\/www.facebook.com\/essadefence\",\"https:\/\/x.com\/essadefence\",\"https:\/\/www.instagram.com\/essadefence\/\"]}]}<\/script>\n<!-- \/ Yoast SEO plugin. -->","yoast_head_json":{"title":"Tek K\u0131rma T\u00fcfekler - ESSAarms.com","robots":{"index":"index","follow":"follow","max-snippet":"max-snippet:-1","max-image-preview":"max-image-preview:large","max-video-preview":"max-video-preview:-1"},"canonical":"https:\/\/burmakarms.com\/tr\/tek-kirma-tufekler\/","og_locale":"tr_TR","og_type":"article","og_title":"Tek K\u0131rma T\u00fcfekler - ESSAarms.com","og_url":"https:\/\/burmakarms.com\/tr\/tek-kirma-tufekler\/","og_site_name":"BURMAK ARMS","article_publisher":"https:\/\/www.facebook.com\/essadefence","article_modified_time":"2021-12-23T12:34:03+00:00","og_image":[{"width":1026,"height":200,"url":"https:\/\/burmakarms.com\/wp-content\/uploads\/2021\/09\/essa-arms-fb-logo.png","type":"image\/png"}],"twitter_card":"summary_large_image","twitter_site":"@essadefence","twitter_misc":{"Tahmini okuma s\u00fcresi":"1 dakika"},"schema":{"@context":"https:\/\/schema.org","@graph":[{"@type":"WebPage","@id":"https:\/\/burmakarms.com\/tr\/tek-kirma-tufekler\/","url":"https:\/\/burmakarms.com\/tr\/tek-kirma-tufekler\/","name":"Tek K\u0131rma T\u00fcfekler - ESSAarms.com","isPartOf":{"@id":"https:\/\/burmakarms.com\/tr\/#website"},"datePublished":"2021-12-23T12:34:02+00:00","dateModified":"2021-12-23T12:34:03+00:00","breadcrumb":{"@id":"https:\/\/burmakarms.com\/tr\/tek-kirma-tufekler\/#breadcrumb"},"inLanguage":"tr","potentialAction":[{"@type":"ReadAction","target":["https:\/\/burmakarms.com\/tr\/tek-kirma-tufekler\/"]}]},{"@type":"BreadcrumbList","@id":"https:\/\/burmakarms.com\/tr\/tek-kirma-tufekler\/#breadcrumb","itemListElement":[{"@type":"ListItem","position":1,"name":"Anasayfa","item":"https:\/\/burmakarms.com\/tr\/"},{"@type":"ListItem","position":2,"name":"Tek K\u0131rma T\u00fcfekler"}]},{"@type":"WebSite","@id":"https:\/\/burmakarms.com\/tr\/#website","url":"https:\/\/burmakarms.com\/tr\/","name":"BURMAK ARMS","description":"Shotguns - Rifles - Gunstock","publisher":{"@id":"https:\/\/burmakarms.com\/tr\/#organization"},"potentialAction":[{"@type":"SearchAction","target":{"@type":"EntryPoint","urlTemplate":"https:\/\/burmakarms.com\/tr\/?s={search_term_string}"},"query-input":"required name=search_term_string"}],"inLanguage":"tr"},{"@type":"Organization","@id":"https:\/\/burmakarms.com\/tr\/#organization","name":"ESSA ARMS","url":"https:\/\/burmakarms.com\/tr\/","logo":{"@type":"ImageObject","inLanguage":"tr","@id":"https:\/\/burmakarms.com\/tr\/#\/schema\/logo\/image\/","url":"https:\/\/burmakarms.com\/wp-content\/uploads\/2021\/09\/essa-arms-blogo.png","contentUrl":"https:\/\/burmakarms.com\/wp-content\/uploads\/2021\/09\/essa-arms-blogo.png","width":954,"height":186,"caption":"ESSA ARMS"},"image":{"@id":"https:\/\/burmakarms.com\/tr\/#\/schema\/logo\/image\/"},"sameAs":["https:\/\/www.facebook.com\/essadefence","https:\/\/x.com\/essadefence","https:\/\/www.instagram.com\/essadefence\/"]}]}},"_links":{"self":[{"href":"https:\/\/burmakarms.com\/tr\/wp-json\/wp\/v2\/pages\/27738","targetHints":{"allow":["GET"]}}],"collection":[{"href":"https:\/\/burmakarms.com\/tr\/wp-json\/wp\/v2\/pages"}],"about":[{"href":"https:\/\/burmakarms.com\/tr\/wp-json\/wp\/v2\/types\/page"}],"author":[{"embeddable":true,"href":"https:\/\/burmakarms.com\/tr\/wp-json\/wp\/v2\/users\/1"}],"replies":[{"embeddable":true,"href":"https:\/\/burmakarms.com\/tr\/wp-json\/wp\/v2\/comments?post=27738"}],"version-history":[{"count":2,"href":"https:\/\/burmakarms.com\/tr\/wp-json\/wp\/v2\/pages\/27738\/revisions"}],"predecessor-version":[{"id":27740,"href":"https:\/\/burmakarms.com\/tr\/wp-json\/wp\/v2\/pages\/27738\/revisions\/27740"}],"wp:attachment":[{"href":"https:\/\/burmakarms.com\/tr\/wp-json\/wp\/v2\/media?parent=27738"}],"curies":[{"name":"wp","href":"https:\/\/api.w.org\/{rel}","templated":true}]}}