{"id":27659,"date":"2021-12-22T17:17:00","date_gmt":"2021-12-22T14:17:00","guid":{"rendered":"https:\/\/burmakarms.com\/?page_id=27659"},"modified":"2021-12-22T17:17:01","modified_gmt":"2021-12-22T14:17:01","slug":"iletisim","status":"publish","type":"page","link":"https:\/\/burmakarms.com\/tr\/iletisim\/","title":{"rendered":"\u0130leti\u015fim"},"content":{"rendered":"<section class=\"l-section wpb_row height_large\"><div class=\"l-section-h i-cf\"><div class=\"g-cols vc_row via_flex valign_top type_default stacking_default\"><div class=\"vc_col-sm-8 wpb_column vc_column_container\"><div class=\"vc_column-inner\"><div class=\"wpb_wrapper\"><form class=\"w-form  layout_ver for_cform us_form_1\" autocomplete=\"off\" action=\"https:\/\/burmakarms.com\/tr\/wp-json\/wp\/v2\/pages\/27659\" method=\"post\"><div class=\"w-form-h\"><div class=\"w-form-row for_text has_label with_icon\">\r\n\t\t\t<div class=\"w-form-row-label\">\r\n\t\t\t<span>\u0130sim Soyisim<\/span>\r\n\t\t<\/div>\r\n\t\t<div class=\"w-form-row-field\">\r\n\t\t\t\t<i class=\"material-icons\">person<\/i>\t\t<input aria-label=\"\u0130sim Soyisim\" type=\"text\" name=\"us_form_1_text_1\" value placeholder\/>\r\n\t\t\t<\/div>\r\n\t\t<div class=\"w-form-row-state\">Fill out this field<\/div>\r\n<\/div>\r\n<div class=\"w-form-row for_text has_label required with_icon\">\r\n\t\t\t<div class=\"w-form-row-label\">\r\n\t\t\t<span>E-Posta *<\/span>\r\n\t\t<\/div>\r\n\t\t<div class=\"w-form-row-field\">\r\n\t\t\t\t<i class=\"material-icons\">email<\/i>\t\t<input aria-label=\"E-Posta\" type=\"text\" name=\"us_form_1_text_2\" value placeholder data-required=\"true\" aria-required=\"true\"\/>\r\n\t\t\t<\/div>\r\n\t\t<div class=\"w-form-row-state\">Fill out this field<\/div>\r\n<\/div>\r\n<div class=\"w-form-row for_text has_label with_icon\">\r\n\t\t\t<div class=\"w-form-row-label\">\r\n\t\t\t<span>Telefon Numaras\u0131<\/span>\r\n\t\t<\/div>\r\n\t\t<div class=\"w-form-row-field\">\r\n\t\t\t\t<i class=\"material-icons\">phone<\/i>\t\t<input aria-label=\"Telefon Numaras\u0131\" type=\"text\" name=\"us_form_1_text_3\" value placeholder\/>\r\n\t\t\t<\/div>\r\n\t\t<div class=\"w-form-row-state\">Fill out this field<\/div>\r\n<\/div>\r\n<div class=\"w-form-row for_textarea has_label required with_icon\">\r\n\t\t\t<div class=\"w-form-row-label\">\r\n\t\t\t<span>Mesaj *<\/span>\r\n\t\t<\/div>\r\n\t\t<div class=\"w-form-row-field\">\r\n\t\t\t\t<i class=\"material-icons\">create<\/i>\t\t<textarea aria-label=\"Mesaj\" name=\"us_form_1_textarea_1\" placeholder data-required=\"true\" aria-required=\"true\"><\/textarea>\r\n\t\t\t<\/div>\r\n\t\t<div class=\"w-form-row-state\">Fill out this field<\/div>\r\n<\/div>\r\n<input type=\"hidden\" name=\"action\" value=\"us_ajax_cform\" \/>\r\n<input type=\"hidden\" name=\"post_id\" value=\"0\" \/>\r\n<input type=\"hidden\" name=\"form_index\" value=\"1\" \/>\r\n<div class=\"w-form-row for_submit align_none\">\r\n\t<button class=\"w-btn  us-btn-style_1\" aria-label=\"Mesaj\u0131 G\u00f6nder\" type=\"submit\">\r\n\t\t<span class=\"g-preloader type_1\"><\/span>\r\n\t\t\t\t<span class=\"w-btn-label\">Mesaj\u0131 G\u00f6nder<\/span>\r\n\t\t\t<\/button>\r\n\t<\/div>\r\n<\/div><div class=\"w-form-message\"><\/div><div class=\"w-form-json hidden\" onclick='return {&quot;ajaxurl&quot;:&quot;https:\\\/\\\/burmakarms.com\\\/wp-admin\\\/admin-ajax.php&quot;,&quot;messages&quot;:{&quot;err_empty&quot;:&quot;Fill out this field&quot;,&quot;err_size&quot;:&quot;File size cannot exceed %s MB&quot;,&quot;err_extension&quot;:&quot;%s file type is not allowed&quot;}}'><\/div><\/form><\/div><\/div><\/div><div class=\"vc_col-sm-4 wpb_column vc_column_container\"><div class=\"vc_column-inner\"><div class=\"wpb_wrapper\"><div class=\"wpb_text_column\"><div class=\"wpb_wrapper\"><h3>\u0130leti\u015fim Bilgileri<\/h3>\n<\/div><\/div><div class=\"w-separator size_small\"><\/div><div class=\"w-iconbox iconpos_left style_default color_light align_left no_text\"><div class=\"w-iconbox-icon\" style=\"font-size:;\"><i class=\"material-icons\">home<\/i><\/div><div class=\"w-iconbox-meta\"><h6 class=\"w-iconbox-title\">Metropol \u0130stanbul A1-570 \/ Ata\u015fehir \/ \u0130stanbul \/ T\u00dcRK\u0130YE<\/h6><\/div><\/div><div class=\"w-separator size_small\"><\/div><div class=\"w-iconbox iconpos_left style_default color_light align_left no_text\"><a href=\"#\" class=\"w-iconbox-link\" aria-label=\"info@burmakarms.com\"><div class=\"w-iconbox-icon\" style=\"font-size:;\"><i class=\"material-icons\">mail<\/i><\/div><\/a><div class=\"w-iconbox-meta\"><a href=\"#\" class=\"w-iconbox-link\" aria-label=\"info@burmakarms.com\"><h6 class=\"w-iconbox-title\">info@burmakarms.com<\/h6><\/a><\/div><\/div><div class=\"w-separator size_small\"><\/div><div class=\"w-iconbox iconpos_left style_default color_light align_left no_text\"><div class=\"w-iconbox-icon\" style=\"font-size:;\"><i class=\"material-icons\">phone<\/i><\/div><div class=\"w-iconbox-meta\"><h6 class=\"w-iconbox-title\">+90 216 771 8400<\/h6><\/div><\/div><div class=\"w-separator size_small\"><\/div><div class=\"w-iconbox iconpos_left style_default color_light align_left no_text\"><div class=\"w-iconbox-icon\" style=\"font-size:;\"><i class=\"material-icons\">phone<\/i><\/div><div class=\"w-iconbox-meta\"><h6 class=\"w-iconbox-title\">+90 850 840 5303<\/h6><\/div><\/div><div class=\"w-separator size_small\"><\/div><div class=\"w-socials us_custom_a6ceb248 color_brand shape_circle style_default hover_fade\" style=\"--gap:0.1em;\"><div class=\"w-socials-list\"><div class=\"w-socials-item facebook\"><a target=\"_blank\" rel=\"nofollow\" href=\"https:\/\/www.facebook.com\/essadefence\" class=\"w-socials-item-link\" title=\"Facebook\" aria-label=\"Facebook\"><span class=\"w-socials-item-link-hover\"><\/span><i class=\"fab fa-facebook\"><\/i><\/a><div class=\"w-socials-item-popup\"><span>Facebook<\/span><\/div><\/div><div class=\"w-socials-item twitter\"><a target=\"_blank\" rel=\"nofollow\" href=\"https:\/\/twitter.com\/essadefence\" class=\"w-socials-item-link\" title=\"Twitter\" aria-label=\"Twitter\"><span class=\"w-socials-item-link-hover\"><\/span><i class=\"fab fa-x-twitter\"><svg style=\"width:1em; margin-bottom:-.1em;\" xmlns=\"http:\/\/www.w3.org\/2000\/svg\" viewBox=\"0 0 512 512\"><path fill=\"currentColor\" d=\"M389.2 48h70.6L305.6 224.2 487 464H345L233.7 318.6 106.5 464H35.8L200.7 275.5 26.8 48H172.4L272.9 180.9 389.2 48zM364.4 421.8h39.1L151.1 88h-42L364.4 421.8z\"\/><\/svg><\/i><\/a><div class=\"w-socials-item-popup\"><span>Twitter<\/span><\/div><\/div><div class=\"w-socials-item instagram\"><a target=\"_blank\" rel=\"nofollow\" href=\"https:\/\/www.instagram.com\/essadefence\/\" class=\"w-socials-item-link\" title=\"Instagram\" aria-label=\"Instagram\"><span class=\"w-socials-item-link-hover\"><\/span><i class=\"fab fa-instagram\"><\/i><\/a><div class=\"w-socials-item-popup\"><span>Instagram<\/span><\/div><\/div><\/div><\/div><\/div><\/div><\/div><\/div><\/div><\/section><section class=\"l-section wpb_row height_auto width_full\"><div class=\"l-section-h i-cf\"><div class=\"g-cols vc_row via_flex valign_top type_default stacking_default\"><div class=\"vc_col-sm-12 wpb_column vc_column_container\"><div class=\"vc_column-inner\"><div class=\"wpb_wrapper\"><div class=\"w-tabs style_default switch_click accordion type_togglable has_scrolling\" style=\"--sections-title-size:inherit\"><div class=\"w-tabs-sections titles-align_center icon_plus cpos_right\"><div class=\"w-tabs-section no_indents has_text_color\" id=\"map-section\" style=\"background:var(--color-content-secondary);color:#ffffff;\"><button class=\"w-tabs-section-header with_icon\" aria-controls=\"content-map-section\" aria-expanded=\"false\"><i class=\"material-icons\">place<\/i><div class=\"w-tabs-section-title\">HAR\u0130TADA G\u00d6R<\/div><div class=\"w-tabs-section-control\"><\/div><\/button><div  class=\"w-tabs-section-content\" id=\"content-map-section\"><div class=\"w-tabs-section-content-h i-cf\"><div class=\"wpb_text_column\"><div class=\"wpb_wrapper\"><p><iframe loading=\"lazy\" style=\"border: 0;\" src=\"https:\/\/www.google.com\/maps\/embed?pb=!1m18!1m12!1m3!1d3011.3825058005605!2d29.120505115276693!3d40.995000379302205!2m3!1f0!2f0!3f0!3m2!1i1024!2i768!4f13.1!3m3!1m2!1s0x14cac9922ff9e7ff%3A0x7fce47923c0e3d2a!2sESSA%20DEFENCE%20-%20ARMS!5e0!3m2!1str!2str!4v1630409393868!5m2!1str!2str\" width=\"100%\" height=\"450\" allowfullscreen=\"allowfullscreen\"><\/iframe><\/p>\n<\/div><\/div><\/div><\/div><\/div><\/div><\/div><\/div><\/div><\/div><\/div><\/div><\/section>\n","protected":false},"excerpt":{"rendered":"\u0130sim Soyisim person Fill out this field E-Posta * email Fill out this field Telefon Numaras\u0131 phone Fill out this field Mesaj * create Fill out this field Mesaj\u0131 G\u00f6nder \u0130leti\u015fim Bilgileri homeMetropol \u0130stanbul A1-570 \/ Ata\u015fehir \/ \u0130stanbul \/ T\u00dcRK\u0130YEmailinfo@burmakarms.comphone+90 216 771 8400phone+90 850 840 5303FacebookTwitterInstagramplaceHAR\u0130TADA G\u00d6R","protected":false},"author":1,"featured_media":0,"parent":0,"menu_order":0,"comment_status":"closed","ping_status":"closed","template":"","meta":{"footnotes":""},"class_list":["post-27659","page","type-page","status-publish","hentry"],"yoast_head":"<!-- This site is optimized with the Yoast SEO plugin v22.6 - https:\/\/yoast.com\/wordpress\/plugins\/seo\/ -->\n<title>\u0130leti\u015fim - ESSAarms.com<\/title>\n<meta name=\"robots\" content=\"index, follow, max-snippet:-1, max-image-preview:large, max-video-preview:-1\" \/>\n<link rel=\"canonical\" href=\"https:\/\/burmakarms.com\/tr\/iletisim\/\" \/>\n<meta property=\"og:locale\" content=\"tr_TR\" \/>\n<meta property=\"og:type\" content=\"article\" \/>\n<meta property=\"og:title\" content=\"\u0130leti\u015fim - ESSAarms.com\" \/>\n<meta property=\"og:url\" content=\"https:\/\/burmakarms.com\/tr\/iletisim\/\" \/>\n<meta property=\"og:site_name\" content=\"BURMAK ARMS\" \/>\n<meta property=\"article:publisher\" content=\"https:\/\/www.facebook.com\/essadefence\" \/>\n<meta property=\"article:modified_time\" content=\"2021-12-22T14:17:01+00:00\" \/>\n<meta property=\"og:image\" content=\"https:\/\/burmakarms.com\/wp-content\/uploads\/2021\/09\/essa-arms-fb-logo.png\" \/>\n\t<meta property=\"og:image:width\" content=\"1026\" \/>\n\t<meta property=\"og:image:height\" content=\"200\" \/>\n\t<meta property=\"og:image:type\" content=\"image\/png\" \/>\n<meta name=\"twitter:card\" content=\"summary_large_image\" \/>\n<meta name=\"twitter:site\" content=\"@essadefence\" \/>\n<meta name=\"twitter:label1\" content=\"Tahmini okuma s\u00fcresi\" \/>\n\t<meta name=\"twitter:data1\" content=\"1 dakika\" \/>\n<script type=\"application\/ld+json\" class=\"yoast-schema-graph\">{\"@context\":\"https:\/\/schema.org\",\"@graph\":[{\"@type\":\"WebPage\",\"@id\":\"https:\/\/burmakarms.com\/tr\/iletisim\/\",\"url\":\"https:\/\/burmakarms.com\/tr\/iletisim\/\",\"name\":\"\u0130leti\u015fim - ESSAarms.com\",\"isPartOf\":{\"@id\":\"https:\/\/burmakarms.com\/tr\/#website\"},\"datePublished\":\"2021-12-22T14:17:00+00:00\",\"dateModified\":\"2021-12-22T14:17:01+00:00\",\"breadcrumb\":{\"@id\":\"https:\/\/burmakarms.com\/tr\/iletisim\/#breadcrumb\"},\"inLanguage\":\"tr\",\"potentialAction\":[{\"@type\":\"ReadAction\",\"target\":[\"https:\/\/burmakarms.com\/tr\/iletisim\/\"]}]},{\"@type\":\"BreadcrumbList\",\"@id\":\"https:\/\/burmakarms.com\/tr\/iletisim\/#breadcrumb\",\"itemListElement\":[{\"@type\":\"ListItem\",\"position\":1,\"name\":\"Anasayfa\",\"item\":\"https:\/\/burmakarms.com\/tr\/\"},{\"@type\":\"ListItem\",\"position\":2,\"name\":\"\u0130leti\u015fim\"}]},{\"@type\":\"WebSite\",\"@id\":\"https:\/\/burmakarms.com\/tr\/#website\",\"url\":\"https:\/\/burmakarms.com\/tr\/\",\"name\":\"BURMAK ARMS\",\"description\":\"Shotguns - Rifles - Gunstock\",\"publisher\":{\"@id\":\"https:\/\/burmakarms.com\/tr\/#organization\"},\"potentialAction\":[{\"@type\":\"SearchAction\",\"target\":{\"@type\":\"EntryPoint\",\"urlTemplate\":\"https:\/\/burmakarms.com\/tr\/?s={search_term_string}\"},\"query-input\":\"required name=search_term_string\"}],\"inLanguage\":\"tr\"},{\"@type\":\"Organization\",\"@id\":\"https:\/\/burmakarms.com\/tr\/#organization\",\"name\":\"ESSA ARMS\",\"url\":\"https:\/\/burmakarms.com\/tr\/\",\"logo\":{\"@type\":\"ImageObject\",\"inLanguage\":\"tr\",\"@id\":\"https:\/\/burmakarms.com\/tr\/#\/schema\/logo\/image\/\",\"url\":\"https:\/\/burmakarms.com\/wp-content\/uploads\/2021\/09\/essa-arms-blogo.png\",\"contentUrl\":\"https:\/\/burmakarms.com\/wp-content\/uploads\/2021\/09\/essa-arms-blogo.png\",\"width\":954,\"height\":186,\"caption\":\"ESSA ARMS\"},\"image\":{\"@id\":\"https:\/\/burmakarms.com\/tr\/#\/schema\/logo\/image\/\"},\"sameAs\":[\"https:\/\/www.facebook.com\/essadefence\",\"https:\/\/x.com\/essadefence\",\"https:\/\/www.instagram.com\/essadefence\/\"]}]}<\/script>\n<!-- \/ Yoast SEO plugin. -->","yoast_head_json":{"title":"\u0130leti\u015fim - ESSAarms.com","robots":{"index":"index","follow":"follow","max-snippet":"max-snippet:-1","max-image-preview":"max-image-preview:large","max-video-preview":"max-video-preview:-1"},"canonical":"https:\/\/burmakarms.com\/tr\/iletisim\/","og_locale":"tr_TR","og_type":"article","og_title":"\u0130leti\u015fim - ESSAarms.com","og_url":"https:\/\/burmakarms.com\/tr\/iletisim\/","og_site_name":"BURMAK ARMS","article_publisher":"https:\/\/www.facebook.com\/essadefence","article_modified_time":"2021-12-22T14:17:01+00:00","og_image":[{"width":1026,"height":200,"url":"https:\/\/burmakarms.com\/wp-content\/uploads\/2021\/09\/essa-arms-fb-logo.png","type":"image\/png"}],"twitter_card":"summary_large_image","twitter_site":"@essadefence","twitter_misc":{"Tahmini okuma s\u00fcresi":"1 dakika"},"schema":{"@context":"https:\/\/schema.org","@graph":[{"@type":"WebPage","@id":"https:\/\/burmakarms.com\/tr\/iletisim\/","url":"https:\/\/burmakarms.com\/tr\/iletisim\/","name":"\u0130leti\u015fim - ESSAarms.com","isPartOf":{"@id":"https:\/\/burmakarms.com\/tr\/#website"},"datePublished":"2021-12-22T14:17:00+00:00","dateModified":"2021-12-22T14:17:01+00:00","breadcrumb":{"@id":"https:\/\/burmakarms.com\/tr\/iletisim\/#breadcrumb"},"inLanguage":"tr","potentialAction":[{"@type":"ReadAction","target":["https:\/\/burmakarms.com\/tr\/iletisim\/"]}]},{"@type":"BreadcrumbList","@id":"https:\/\/burmakarms.com\/tr\/iletisim\/#breadcrumb","itemListElement":[{"@type":"ListItem","position":1,"name":"Anasayfa","item":"https:\/\/burmakarms.com\/tr\/"},{"@type":"ListItem","position":2,"name":"\u0130leti\u015fim"}]},{"@type":"WebSite","@id":"https:\/\/burmakarms.com\/tr\/#website","url":"https:\/\/burmakarms.com\/tr\/","name":"BURMAK ARMS","description":"Shotguns - Rifles - Gunstock","publisher":{"@id":"https:\/\/burmakarms.com\/tr\/#organization"},"potentialAction":[{"@type":"SearchAction","target":{"@type":"EntryPoint","urlTemplate":"https:\/\/burmakarms.com\/tr\/?s={search_term_string}"},"query-input":"required name=search_term_string"}],"inLanguage":"tr"},{"@type":"Organization","@id":"https:\/\/burmakarms.com\/tr\/#organization","name":"ESSA ARMS","url":"https:\/\/burmakarms.com\/tr\/","logo":{"@type":"ImageObject","inLanguage":"tr","@id":"https:\/\/burmakarms.com\/tr\/#\/schema\/logo\/image\/","url":"https:\/\/burmakarms.com\/wp-content\/uploads\/2021\/09\/essa-arms-blogo.png","contentUrl":"https:\/\/burmakarms.com\/wp-content\/uploads\/2021\/09\/essa-arms-blogo.png","width":954,"height":186,"caption":"ESSA ARMS"},"image":{"@id":"https:\/\/burmakarms.com\/tr\/#\/schema\/logo\/image\/"},"sameAs":["https:\/\/www.facebook.com\/essadefence","https:\/\/x.com\/essadefence","https:\/\/www.instagram.com\/essadefence\/"]}]}},"_links":{"self":[{"href":"https:\/\/burmakarms.com\/tr\/wp-json\/wp\/v2\/pages\/27659","targetHints":{"allow":["GET"]}}],"collection":[{"href":"https:\/\/burmakarms.com\/tr\/wp-json\/wp\/v2\/pages"}],"about":[{"href":"https:\/\/burmakarms.com\/tr\/wp-json\/wp\/v2\/types\/page"}],"author":[{"embeddable":true,"href":"https:\/\/burmakarms.com\/tr\/wp-json\/wp\/v2\/users\/1"}],"replies":[{"embeddable":true,"href":"https:\/\/burmakarms.com\/tr\/wp-json\/wp\/v2\/comments?post=27659"}],"version-history":[{"count":8,"href":"https:\/\/burmakarms.com\/tr\/wp-json\/wp\/v2\/pages\/27659\/revisions"}],"predecessor-version":[{"id":27667,"href":"https:\/\/burmakarms.com\/tr\/wp-json\/wp\/v2\/pages\/27659\/revisions\/27667"}],"wp:attachment":[{"href":"https:\/\/burmakarms.com\/tr\/wp-json\/wp\/v2\/media?parent=27659"}],"curies":[{"name":"wp","href":"https:\/\/api.w.org\/{rel}","templated":true}]}}